{"id":122,"date":"2014-03-10T23:48:58","date_gmt":"2014-03-10T21:48:58","guid":{"rendered":"http:\/\/www.smartproweb.com\/proje\/?page_id=122"},"modified":"2023-01-10T15:48:57","modified_gmt":"2023-01-10T12:48:57","slug":"contact-us","status":"publish","type":"page","link":"https:\/\/www.ebs.com.tr\/en\/contact-us\/","title":{"rendered":"Contact Us"},"content":{"rendered":"<section class=\"wpb-content-wrapper\"><p>[vc_row][vc_column][vc_column_text]<iframe loading=\"lazy\" style=\"border: 0;\" src=\"https:\/\/www.google.com\/maps\/embed?pb=!1m18!1m12!1m3!1d752.7292273992605!2d29.170022129232123!3d41.00519181077124!2m3!1f0!2f0!3f0!3m2!1i1024!2i768!4f13.1!3m3!1m2!1s0x14cacf10f32d9e17%3A0x57822c23d1655e6c!2zRXNlbsWfZWhpciwgUMSxcmxhbnRhIFNva2HEn8SxIE5vOjYzLCAzNDEwNCDDnG1yYW5peWUvxLBzdGFuYnVs!5e0!3m2!1str!2str!4v1647709542550!5m2!1str!2str\" width=\"1100\" height=\"450\" allowfullscreen=\"allowfullscreen\"><\/iframe>[\/vc_column_text][vc_column_text]<strong>EBS Quick Coupling A.\u015e.<\/strong><br \/>\nEsen\u015fehir Mah.Mare\u015fal Fevzi \u00c7akmak Cad.P\u0131rlanta Sokak. No:61\/3 \u00dcMRAN\u0130YE \u2013 \u0130STANBUL\/TURKEY<br \/>\nTel.\u00a0:+(90) 444 4 613<br \/>\nEmail: <a href=\"mailto:info@ebs.com.tr\" target=\"_blank\" rel=\"noopener\">info@ebs.com.tr<\/a><\/p>\n<p><strong>EXPORT DEPARTMENT<\/strong><br \/>\nTel : +(90) 444 4 613 (12)<br \/>\nEmail : <a href=\"mailto:export@ebs.com.tr\" target=\"_blank\" rel=\"noopener\">export@ebs.com.tr<\/a>[\/vc_column_text][\/vc_column][\/vc_row]<\/p>\n<\/section>","protected":false},"excerpt":{"rendered":"<p>[vc_row][vc_column][vc_column_text][\/vc_column_text][vc_column_text]EBS Quick Coupling A.\u015e. Esen\u015fehir Mah.Mare\u015fal Fevzi \u00c7akmak Cad.P\u0131rlanta Sokak. No:61\/3 \u00dcMRAN\u0130YE \u2013 \u0130STANBUL\/TURKEY Tel.\u00a0:+(90) 444 4 613 Email: info@ebs.com.tr EXPORT DEPARTMENT Tel : +(90) 444 4 613 (12) Email : export@ebs.com.tr[\/vc_column_text][\/vc_column][\/vc_row]<\/p>\n","protected":false},"author":1,"featured_media":0,"parent":0,"menu_order":0,"comment_status":"closed","ping_status":"closed","template":"","meta":{"footnotes":""},"_links":{"self":[{"href":"https:\/\/www.ebs.com.tr\/en\/wp-json\/wp\/v2\/pages\/122"}],"collection":[{"href":"https:\/\/www.ebs.com.tr\/en\/wp-json\/wp\/v2\/pages"}],"about":[{"href":"https:\/\/www.ebs.com.tr\/en\/wp-json\/wp\/v2\/types\/page"}],"author":[{"embeddable":true,"href":"https:\/\/www.ebs.com.tr\/en\/wp-json\/wp\/v2\/users\/1"}],"replies":[{"embeddable":true,"href":"https:\/\/www.ebs.com.tr\/en\/wp-json\/wp\/v2\/comments?post=122"}],"version-history":[{"count":15,"href":"https:\/\/www.ebs.com.tr\/en\/wp-json\/wp\/v2\/pages\/122\/revisions"}],"predecessor-version":[{"id":4016,"href":"https:\/\/www.ebs.com.tr\/en\/wp-json\/wp\/v2\/pages\/122\/revisions\/4016"}],"wp:attachment":[{"href":"https:\/\/www.ebs.com.tr\/en\/wp-json\/wp\/v2\/media?parent=122"}],"curies":[{"name":"wp","href":"https:\/\/api.w.org\/{rel}","templated":true}]}}