{"id":1853,"date":"2016-02-08T00:13:56","date_gmt":"2016-02-07T22:13:56","guid":{"rendered":"http:\/\/www.ebs.com.tr\/es\/?page_id=1853"},"modified":"2023-01-10T15:56:30","modified_gmt":"2023-01-10T12:56:30","slug":"sobre-nosotros","status":"publish","type":"page","link":"https:\/\/www.ebs.com.tr\/es\/sobre-nosotros\/","title":{"rendered":"Sobre Nosotros"},"content":{"rendered":"<p>&nbsp;<\/p>\n<p>En el negocio desde 1984, EBS Quick Coupling A.\u015e. es una compa\u00f1\u00eda l\u00edder de Turqu\u00eda en el sector de la fabricaci\u00f3n y suministro de Conectores Acoplamientos R\u00e1pidos a varias industrias.<\/p>\n<p>Empresa certificada con ISO 9001:2015 que se ha diversificado en m\u00e1s de 8.500 productos.<br \/>\nLa producci\u00f3n total incluye 80% de productos est\u00e1ndar y el 20% destinado a I + D derivadas del estudio junto con los clientes.<\/p>\n<p>Nos mantenemos en l\u00ednea con constantes I + D y mejoraramos el desarrollo de nuestros productos.Nos esforzamos en que nuestro equipo est\u00e9 muy de cerca entendiendo y atendiendo estas necesidades de nuestros clientes ofreci\u00e9ndoles un uso f\u00e1cil y la soluci\u00f3n de ahorro de tiempo con respecto a MOLDES de PL\u00c1STICO, ACOPLAMIENTO MULTIPLE de AGUA, NEUM\u00c1TICOS, SISTEMAS de DRENAJE de AGUA, HYDRO, GAS, VACUUM y necesidades QU\u00cdMICOS ..<\/p>\n<p>Desde 2007, hayamos la venta as\u00ed en los mercados internacionales y se ha exportado a 26 pa\u00edses hasta el momento.<\/p>\n<p>Nuestros productos son compatibles con los est\u00e1ndares de todas las marcas internacionales.<\/p>\n<p>Adem\u00e1s somos capaces de producir productos personalizados a medida.<\/p>\n<p><strong>Hemos considerado que es posible que tengan inter\u00e9s en nuestra gama de productos de alta calidad y competitiva;<\/strong><\/p>\n<p>&#8211; Los acoplamientos de aire autom\u00e1ticas<br \/>\n&#8211; Los acoplamientos autom\u00e1ticos Hidr\u00e1ulicas<br \/>\n&#8211; Los acoplamientos autom\u00e1ticos de agua<br \/>\n&#8211; Colectores hidr\u00e1ulicos<br \/>\n&#8211; Los acoplamientos autom\u00e1ticos para todos los tipos de fluidos<br \/>\n&#8211; Equipos de enfriamiento de moldes<br \/>\n&#8211; Los acoplamientos autom\u00e1ticos<br \/>\n&#8211; Accesorios y Equipos<\/p>\n<p><strong>Para m\u00e1s informaci\u00f3n, visite nuestro cat\u00e1logo online y para toda solicitud por favor p\u00f3ngase en contacto con nosotros a trav\u00e9s de:<\/strong><\/p>\n<p><strong>\u00a0<a href=\"mailto:export@ebs.com.tr\">export@ebs.com.tr<\/a><\/strong><\/p>\n","protected":false},"excerpt":{"rendered":"<p>&nbsp; En el negocio desde 1984, EBS Quick Coupling A.\u015e. es una compa\u00f1\u00eda l\u00edder de Turqu\u00eda en el sector de la fabricaci\u00f3n y suministro de Conectores Acoplamientos R\u00e1pidos a varias industrias. Empresa certificada con ISO 9001:2015 que se ha diversificado en m\u00e1s de 8.500 productos. La producci\u00f3n total incluye 80% de productos est\u00e1ndar y el [&hellip;]<\/p>\n","protected":false},"author":1,"featured_media":0,"parent":0,"menu_order":0,"comment_status":"closed","ping_status":"closed","template":"","meta":{"footnotes":""},"_links":{"self":[{"href":"https:\/\/www.ebs.com.tr\/es\/wp-json\/wp\/v2\/pages\/1853"}],"collection":[{"href":"https:\/\/www.ebs.com.tr\/es\/wp-json\/wp\/v2\/pages"}],"about":[{"href":"https:\/\/www.ebs.com.tr\/es\/wp-json\/wp\/v2\/types\/page"}],"author":[{"embeddable":true,"href":"https:\/\/www.ebs.com.tr\/es\/wp-json\/wp\/v2\/users\/1"}],"replies":[{"embeddable":true,"href":"https:\/\/www.ebs.com.tr\/es\/wp-json\/wp\/v2\/comments?post=1853"}],"version-history":[{"count":6,"href":"https:\/\/www.ebs.com.tr\/es\/wp-json\/wp\/v2\/pages\/1853\/revisions"}],"predecessor-version":[{"id":4022,"href":"https:\/\/www.ebs.com.tr\/es\/wp-json\/wp\/v2\/pages\/1853\/revisions\/4022"}],"wp:attachment":[{"href":"https:\/\/www.ebs.com.tr\/es\/wp-json\/wp\/v2\/media?parent=1853"}],"curies":[{"name":"wp","href":"https:\/\/api.w.org\/{rel}","templated":true}]}}