{"id":1856,"date":"2016-02-08T00:15:53","date_gmt":"2016-02-07T22:15:53","guid":{"rendered":"http:\/\/www.ebs.com.tr\/es\/?page_id=1856"},"modified":"2023-01-10T15:47:41","modified_gmt":"2023-01-10T12:47:41","slug":"contacto","status":"publish","type":"page","link":"https:\/\/www.ebs.com.tr\/es\/contacto\/","title":{"rendered":"Contacto"},"content":{"rendered":"<section class=\"wpb-content-wrapper\"><p>[vc_row][vc_column][vc_column_text]<iframe loading=\"lazy\" style=\"border: 0;\" src=\"https:\/\/www.google.com\/maps\/embed?pb=!1m18!1m12!1m3!1d752.7292273992605!2d29.170022129232123!3d41.00519181077124!2m3!1f0!2f0!3f0!3m2!1i1024!2i768!4f13.1!3m3!1m2!1s0x14cacf10f32d9e17%3A0x57822c23d1655e6c!2zRXNlbsWfZWhpciwgUMSxcmxhbnRhIFNva2HEn8SxIE5vOjYzLCAzNDEwNCDDnG1yYW5peWUvxLBzdGFuYnVs!5e0!3m2!1str!2str!4v1647709542550!5m2!1str!2str\" width=\"1100\" height=\"450\" allowfullscreen=\"allowfullscreen\"><\/iframe>[\/vc_column_text][vc_column_text]<strong>EBS Ba\u011flant\u0131 Elemanlar\u0131 Sanayi ve D\u0131\u015f Tic. A.\u015e<\/strong><br \/>\nEsen\u015fehir Mah.Mare\u015fal Fevzi \u00c7akmak Cad.P\u0131rlanta Sokak. No:61\/3 \u00dcMRAN\u0130YE &#8211; ESTAMBUL\/TURQUIA<br \/>\nTel. : +(90) 444 4 613<br \/>\nCorreo : <a href=\"mailto:info@ebs.com.tr\" target=\"_blank\" rel=\"noopener\">info@ebs.com.tr<\/a><\/p>\n<p><strong>EXPORT DEPARTMENT<\/strong><br \/>\nTel. : +(90) 444 4 613 \u00a0(12)<br \/>\nCorreo : <a href=\"mailto:export@ebs.com.tr\" target=\"_blank\" rel=\"noopener\">export@ebs.com.tr<\/a><\/p>\n<p>[contact_form][\/vc_column_text][\/vc_column][\/vc_row]<\/p>\n<\/section>","protected":false},"excerpt":{"rendered":"<p>[vc_row][vc_column][vc_column_text][\/vc_column_text][vc_column_text]EBS Ba\u011flant\u0131 Elemanlar\u0131 Sanayi ve D\u0131\u015f Tic. A.\u015e Esen\u015fehir Mah.Mare\u015fal Fevzi \u00c7akmak Cad.P\u0131rlanta Sokak. No:61\/3 \u00dcMRAN\u0130YE &#8211; ESTAMBUL\/TURQUIA Tel. : +(90) 444 4 613 Correo : info@ebs.com.tr EXPORT DEPARTMENT Tel. : +(90) 444 4 613 \u00a0(12) Correo : export@ebs.com.tr [contact_form][\/vc_column_text][\/vc_column][\/vc_row]<\/p>\n","protected":false},"author":1,"featured_media":0,"parent":0,"menu_order":0,"comment_status":"closed","ping_status":"closed","template":"","meta":{"footnotes":""},"_links":{"self":[{"href":"https:\/\/www.ebs.com.tr\/es\/wp-json\/wp\/v2\/pages\/1856"}],"collection":[{"href":"https:\/\/www.ebs.com.tr\/es\/wp-json\/wp\/v2\/pages"}],"about":[{"href":"https:\/\/www.ebs.com.tr\/es\/wp-json\/wp\/v2\/types\/page"}],"author":[{"embeddable":true,"href":"https:\/\/www.ebs.com.tr\/es\/wp-json\/wp\/v2\/users\/1"}],"replies":[{"embeddable":true,"href":"https:\/\/www.ebs.com.tr\/es\/wp-json\/wp\/v2\/comments?post=1856"}],"version-history":[{"count":14,"href":"https:\/\/www.ebs.com.tr\/es\/wp-json\/wp\/v2\/pages\/1856\/revisions"}],"predecessor-version":[{"id":4014,"href":"https:\/\/www.ebs.com.tr\/es\/wp-json\/wp\/v2\/pages\/1856\/revisions\/4014"}],"wp:attachment":[{"href":"https:\/\/www.ebs.com.tr\/es\/wp-json\/wp\/v2\/media?parent=1856"}],"curies":[{"name":"wp","href":"https:\/\/api.w.org\/{rel}","templated":true}]}}