{"id":2032,"date":"2016-04-15T15:14:28","date_gmt":"2016-04-15T12:14:28","guid":{"rendered":"http:\/\/www.ebs.com.tr\/fa\/?page_id=2032"},"modified":"2023-01-10T15:53:04","modified_gmt":"2023-01-10T12:53:04","slug":"%d8%aa%d9%85%d8%a7%d8%b3-%d8%a8%d8%a7-%d9%85%d8%a7","status":"publish","type":"page","link":"https:\/\/www.ebs.com.tr\/fa\/%d8%aa%d9%85%d8%a7%d8%b3-%d8%a8%d8%a7-%d9%85%d8%a7\/","title":{"rendered":"\u062a\u0645\u0627\u0633 \u0628\u0627 \u0645\u0627"},"content":{"rendered":"<section class=\"wpb-content-wrapper\"><p>[vc_row][vc_column][vc_column_text]EBS Quick Coupling A.\u015e<\/p>\n<p>Esen\u015fehir Mah.Mare\u015fal Fevzi \u00c7akmak Cad.P\u0131rlanta Sokak. No:61\/3 \u00dcMRAN\u0130YE \u2013 \u0130STANBUL\/TURKEY<\/p>\n<p>\u062a\u0644\u0641\u0646\u00a0:<\/p>\n<p>(\u06f9) \u00a0\u06f1\u06f3 \u06f4\u06f6 \u06f4\u06f4\u06f4\u00a0(\u06f9\u06f0)+<\/p>\n<p>\u067e\u0633\u062a \u0627\u0644\u06a9\u062a\u0631\u0648\u0646\u06cc\u06a9\u06cc :\u00a0\u00a0<a href=\"mailto:info@ebs.com.tr\">info@ebs.com.tr<\/a><\/p>\n<p><strong>\u0628\u062e\u0634 \u0635\u0627\u062f\u0631\u0627\u062a<\/strong><\/p>\n<p style=\"text-align: right;\">\u062a\u0644\u0641\u0646\u00a0:<\/p>\n<p style=\"text-align: right;\">(\u06f9) \u00a0\u06f1\u06f3 \u06f4\u06f6 \u06f4\u06f4\u06f4\u00a0(\u06f9\u06f0)+<\/p>\n<p>\u067e\u0633\u062a \u0627\u0644\u06a9\u062a\u0631\u0648\u0646\u06cc\u06a9\u06cc : \u00a0<a href=\"mailto:export@ebs.com.tr\">export@ebs.com.tr<\/a>[\/vc_column_text][\/vc_column][\/vc_row]<\/p>\n<\/section>","protected":false},"excerpt":{"rendered":"<p>[vc_row][vc_column][vc_column_text]EBS Quick Coupling A.\u015e Esen\u015fehir Mah.Mare\u015fal Fevzi \u00c7akmak Cad.P\u0131rlanta Sokak. No:61\/3 \u00dcMRAN\u0130YE \u2013 \u0130STANBUL\/TURKEY \u062a\u0644\u0641\u0646\u00a0: (\u06f9) \u00a0\u06f1\u06f3 \u06f4\u06f6 \u06f4\u06f4\u06f4\u00a0(\u06f9\u06f0)+ \u067e\u0633\u062a \u0627\u0644\u06a9\u062a\u0631\u0648\u0646\u06cc\u06a9\u06cc :\u00a0\u00a0info@ebs.com.tr \u0628\u062e\u0634 \u0635\u0627\u062f\u0631\u0627\u062a \u062a\u0644\u0641\u0646\u00a0: (\u06f9) \u00a0\u06f1\u06f3 \u06f4\u06f6 \u06f4\u06f4\u06f4\u00a0(\u06f9\u06f0)+ \u067e\u0633\u062a \u0627\u0644\u06a9\u062a\u0631\u0648\u0646\u06cc\u06a9\u06cc : \u00a0export@ebs.com.tr[\/vc_column_text][\/vc_column][\/vc_row]<\/p>\n","protected":false},"author":1,"featured_media":0,"parent":0,"menu_order":0,"comment_status":"closed","ping_status":"closed","template":"","meta":{"footnotes":""},"_links":{"self":[{"href":"https:\/\/www.ebs.com.tr\/fa\/wp-json\/wp\/v2\/pages\/2032"}],"collection":[{"href":"https:\/\/www.ebs.com.tr\/fa\/wp-json\/wp\/v2\/pages"}],"about":[{"href":"https:\/\/www.ebs.com.tr\/fa\/wp-json\/wp\/v2\/types\/page"}],"author":[{"embeddable":true,"href":"https:\/\/www.ebs.com.tr\/fa\/wp-json\/wp\/v2\/users\/1"}],"replies":[{"embeddable":true,"href":"https:\/\/www.ebs.com.tr\/fa\/wp-json\/wp\/v2\/comments?post=2032"}],"version-history":[{"count":19,"href":"https:\/\/www.ebs.com.tr\/fa\/wp-json\/wp\/v2\/pages\/2032\/revisions"}],"predecessor-version":[{"id":2036,"href":"https:\/\/www.ebs.com.tr\/fa\/wp-json\/wp\/v2\/pages\/2032\/revisions\/2036"}],"wp:attachment":[{"href":"https:\/\/www.ebs.com.tr\/fa\/wp-json\/wp\/v2\/media?parent=2032"}],"curies":[{"name":"wp","href":"https:\/\/api.w.org\/{rel}","templated":true}]}}