{"id":1715,"date":"2016-01-03T23:38:30","date_gmt":"2016-01-03T21:38:30","guid":{"rendered":"http:\/\/www.ebs.com.tr\/?post_type=product&#038;p=1715"},"modified":"2022-06-30T09:46:31","modified_gmt":"2022-06-30T06:46:31","slug":"tks-tikacli-kortapa","status":"publish","type":"product","link":"https:\/\/www.ebs.com.tr\/fa\/urun\/tks-tikacli-kortapa\/","title":{"rendered":"TKS T\u0131ka\u00e7l\u0131 K\u00f6rtapa"},"content":{"rendered":"<p><img loading=\"lazy\" decoding=\"async\" class=\"alignnone size-full wp-image-1716\" src=\"http:\/\/www.ebs.com.tr\/EBSPRO\/wp-content\/uploads\/TKS-tikacli-kortapa-ebs-1.jpg\" alt=\"TKS-tikacli-kortapa-ebs-1\" width=\"771\" height=\"491\" srcset=\"https:\/\/www.ebs.com.tr\/wp-content\/uploads\/TKS-tikacli-kortapa-ebs-1.jpg 771w, https:\/\/www.ebs.com.tr\/wp-content\/uploads\/TKS-tikacli-kortapa-ebs-1-600x382.jpg 600w, https:\/\/www.ebs.com.tr\/wp-content\/uploads\/TKS-tikacli-kortapa-ebs-1-768x489.jpg 768w, https:\/\/www.ebs.com.tr\/wp-content\/uploads\/TKS-tikacli-kortapa-ebs-1-636x405.jpg 636w, https:\/\/www.ebs.com.tr\/wp-content\/uploads\/TKS-tikacli-kortapa-ebs-1-320x204.jpg 320w\" sizes=\"(max-width: 771px) 100vw, 771px\" \/><\/p>\n","protected":false},"excerpt":{"rendered":"","protected":false},"featured_media":1717,"template":"","meta":[],"product_cat":[19],"product_tag":[142,135],"_links":{"self":[{"href":"https:\/\/www.ebs.com.tr\/fa\/wp-json\/wp\/v2\/product\/1715"}],"collection":[{"href":"https:\/\/www.ebs.com.tr\/fa\/wp-json\/wp\/v2\/product"}],"about":[{"href":"https:\/\/www.ebs.com.tr\/fa\/wp-json\/wp\/v2\/types\/product"}],"wp:featuredmedia":[{"embeddable":true,"href":"https:\/\/www.ebs.com.tr\/fa\/wp-json\/wp\/v2\/media\/1717"}],"wp:attachment":[{"href":"https:\/\/www.ebs.com.tr\/fa\/wp-json\/wp\/v2\/media?parent=1715"}],"wp:term":[{"taxonomy":"product_cat","embeddable":true,"href":"https:\/\/www.ebs.com.tr\/fa\/wp-json\/wp\/v2\/product_cat?post=1715"},{"taxonomy":"product_tag","embeddable":true,"href":"https:\/\/www.ebs.com.tr\/fa\/wp-json\/wp\/v2\/product_tag?post=1715"}],"curies":[{"name":"wp","href":"https:\/\/api.w.org\/{rel}","templated":true}]}}